{"id":18455,"date":"2022-03-31T15:54:30","date_gmt":"2022-03-31T12:57:45","guid":{"rendered":"https:\/\/natureco.eu\/?post_type=product&#038;p=18455"},"modified":"2022-03-31T15:57:45","modified_gmt":"2022-03-31T12:57:45","slug":"exfoliating-soap-antibacterial-with-himalayan-pink-salt-2","status":"publish","type":"product","link":"https:\/\/natureco.eu\/en\/product\/exfoliating-soap-antibacterial-with-himalayan-pink-salt-2\/","title":{"rendered":"Exfoliating soap Antibacterial with Himalayan pink salt"},"content":{"rendered":"<p><span style=\"color: #000000;\"><strong>Himaalaja soola seebi kasulikud omadused:<\/strong><\/span><\/p>\n<ul>\n<li><span style=\"color: #000000;\">naha- ja kehahooldus <\/span><\/li>\n<li><span style=\"color: #000000;\">antibakteriaalsed ja seenevastased omadused <\/span><\/li>\n<li><span style=\"color: #000000;\">efektiivne akne vastu <\/span><\/li>\n<li><span style=\"color: #000000;\">naha s\u00fcgavpuhastus <\/span><\/li>\n<li><span style=\"color: #000000;\">reguleerib naha pH taset ja s\u00e4ilitab loomuliku niisutuse<\/span><\/li>\n<\/ul>\n<p><span style=\"color: #000000;\"><strong>Kuidas kasutada Himaalaja soolaseepi?<\/strong><\/span><\/p>\n<p><span style=\"color: #000000;\">Seda toodet saab kasutada kahel viisil: <\/span><\/p>\n<p><span style=\"color: #000000;\">1. M\u00e4rg seep kantakse t\u00e4iesti kuivale nahale<\/span><\/p>\n<p><span style=\"color: #000000;\">2. Kuiv seep kantakse m\u00e4rjale nahale<\/span><\/p>\n<p><span style=\"color: #000000;\">Seej\u00e4rel oodake, kuni nahk kuivab, p\u00e4rast seda j\u00e4\u00e4b v\u00e4ike soolakiht. Seda saab kergesti eemaldada niiske k\u00e4snaga. <span class=\"VIiyi\" lang=\"et\"><span class=\"JLqJ4b\" data-language-for-alternatives=\"et\" data-language-to-translate-into=\"ru\" data-phrase-index=\"0\" data-number-of-phrases=\"1\">P\u00e4rast soolaseebi kasutamist v\u00f5ite (soovi korral) mitte kasutada kreeme ega muid h\u00fcgieenitooteid.<\/span><\/span><\/span><\/p>\n<p><span style=\"color: #000000;\">300-350g<\/span><\/p>\n","protected":false},"excerpt":{"rendered":"<p>Himaalaja soola seebi kasulikud omadused: naha- ja kehahooldus antibakteriaalsed ja seenevastased omadused efektiivne akne vastu naha s\u00fcgavpuhastus reguleerib naha pH taset ja s\u00e4ilitab loomuliku niisutuse Kuidas kasutada Himaalaja soolaseepi? Seda toodet saab kasutada kahel viisil: 1. M\u00e4rg seep kantakse t\u00e4iesti kuivale nahale 2. Kuiv seep kantakse m\u00e4rjale nahale Seej\u00e4rel oodake, kuni nahk kuivab, p\u00e4rast seda [&hellip;]<\/p>\n","protected":false},"featured_media":18045,"comment_status":"open","ping_status":"closed","template":"","meta":{"_acf_changed":false},"product_cat":[286,910,279,682,763,283,889,43,136,680,64,887,908,761],"product_tag":[],"class_list":{"0":"post-18455","1":"product","2":"type-product","3":"status-publish","4":"has-post-thumbnail","6":"product_cat-body","7":"product_cat-body-scrub","8":"product_cat-face","9":"product_cat-for-problem-skin","10":"product_cat-peeling-scrubs","11":"product_cat-sauna-bath","12":"product_cat-soap","13":"product_cat-43","14":"product_cat-dlya-litsa","15":"product_cat-680","16":"product_cat-64","17":"product_cat-887","18":"product_cat-908","19":"product_cat-761","20":"brand-zdrowienatury-poland","21":"brand-zdrowienatury-","23":"first","24":"instock","25":"taxable","26":"shipping-taxable","27":"purchasable","28":"product-type-simple"},"acf":[],"yoast_head":"<!-- This site is optimized with the Yoast SEO plugin v27.2 - https:\/\/yoast.com\/product\/yoast-seo-wordpress\/ -->\n<title>Exfoliating soap Antibacterial with Himalayan pink salt - NaturEco<\/title>\n<meta name=\"robots\" content=\"index, follow, max-snippet:-1, max-image-preview:large, max-video-preview:-1\" \/>\n<link rel=\"canonical\" href=\"https:\/\/natureco.eu\/en\/product\/exfoliating-soap-antibacterial-with-himalayan-pink-salt-2\/\" \/>\n<meta property=\"og:locale\" content=\"en_US\" \/>\n<meta property=\"og:type\" content=\"article\" \/>\n<meta property=\"og:title\" content=\"Exfoliating soap Antibacterial with Himalayan pink salt - NaturEco\" \/>\n<meta property=\"og:description\" content=\"Himaalaja soola seebi kasulikud omadused: naha- ja kehahooldus antibakteriaalsed ja seenevastased omadused efektiivne akne vastu naha s\u00fcgavpuhastus reguleerib naha pH taset ja s\u00e4ilitab loomuliku niisutuse Kuidas kasutada Himaalaja soolaseepi? Seda toodet saab kasutada kahel viisil: 1. M\u00e4rg seep kantakse t\u00e4iesti kuivale nahale 2. Kuiv seep kantakse m\u00e4rjale nahale Seej\u00e4rel oodake, kuni nahk kuivab, p\u00e4rast seda [&hellip;]\" \/>\n<meta property=\"og:url\" content=\"https:\/\/natureco.eu\/en\/product\/exfoliating-soap-antibacterial-with-himalayan-pink-salt-2\/\" \/>\n<meta property=\"og:site_name\" content=\"NaturEco\" \/>\n<meta property=\"og:image\" content=\"https:\/\/natureco.eu\/wp-content\/uploads\/2022\/02\/2436fdfc4cbf7c39e2f2ce8275c73b42.jpg\" \/>\n\t<meta property=\"og:image:width\" content=\"1024\" \/>\n\t<meta property=\"og:image:height\" content=\"684\" \/>\n\t<meta property=\"og:image:type\" content=\"image\/jpeg\" \/>\n<meta name=\"twitter:card\" content=\"summary_large_image\" \/>\n<script type=\"application\/ld+json\" class=\"yoast-schema-graph\">{\"@context\":\"https:\/\/schema.org\",\"@graph\":[{\"@type\":\"WebPage\",\"@id\":\"https:\/\/natureco.eu\/en\/product\/exfoliating-soap-antibacterial-with-himalayan-pink-salt-2\/\",\"url\":\"https:\/\/natureco.eu\/en\/product\/exfoliating-soap-antibacterial-with-himalayan-pink-salt-2\/\",\"name\":\"Exfoliating soap Antibacterial with Himalayan pink salt - NaturEco\",\"isPartOf\":{\"@id\":\"https:\/\/natureco.eu\/#website\"},\"primaryImageOfPage\":{\"@id\":\"https:\/\/natureco.eu\/en\/product\/exfoliating-soap-antibacterial-with-himalayan-pink-salt-2\/#primaryimage\"},\"image\":{\"@id\":\"https:\/\/natureco.eu\/en\/product\/exfoliating-soap-antibacterial-with-himalayan-pink-salt-2\/#primaryimage\"},\"thumbnailUrl\":\"https:\/\/natureco.eu\/wp-content\/uploads\/2022\/02\/2436fdfc4cbf7c39e2f2ce8275c73b42.jpg\",\"datePublished\":\"2022-03-31T12:57:45+00:00\",\"breadcrumb\":{\"@id\":\"https:\/\/natureco.eu\/en\/product\/exfoliating-soap-antibacterial-with-himalayan-pink-salt-2\/#breadcrumb\"},\"inLanguage\":\"en-US\",\"potentialAction\":[{\"@type\":\"ReadAction\",\"target\":[\"https:\/\/natureco.eu\/en\/product\/exfoliating-soap-antibacterial-with-himalayan-pink-salt-2\/\"]}]},{\"@type\":\"ImageObject\",\"inLanguage\":\"en-US\",\"@id\":\"https:\/\/natureco.eu\/en\/product\/exfoliating-soap-antibacterial-with-himalayan-pink-salt-2\/#primaryimage\",\"url\":\"https:\/\/natureco.eu\/wp-content\/uploads\/2022\/02\/2436fdfc4cbf7c39e2f2ce8275c73b42.jpg\",\"contentUrl\":\"https:\/\/natureco.eu\/wp-content\/uploads\/2022\/02\/2436fdfc4cbf7c39e2f2ce8275c73b42.jpg\",\"width\":1024,\"height\":684},{\"@type\":\"BreadcrumbList\",\"@id\":\"https:\/\/natureco.eu\/en\/product\/exfoliating-soap-antibacterial-with-himalayan-pink-salt-2\/#breadcrumb\",\"itemListElement\":[{\"@type\":\"ListItem\",\"position\":1,\"name\":\"Home\",\"item\":\"https:\/\/natureco.eu\/en\/\"},{\"@type\":\"ListItem\",\"position\":2,\"name\":\"E-Shop\",\"item\":\"https:\/\/natureco.eu\/en\/shop\/\"},{\"@type\":\"ListItem\",\"position\":3,\"name\":\"Exfoliating soap Antibacterial with Himalayan pink salt\"}]},{\"@type\":\"WebSite\",\"@id\":\"https:\/\/natureco.eu\/#website\",\"url\":\"https:\/\/natureco.eu\/\",\"name\":\"NaturEco\",\"description\":\"NaturEco cosmetics\",\"potentialAction\":[{\"@type\":\"SearchAction\",\"target\":{\"@type\":\"EntryPoint\",\"urlTemplate\":\"https:\/\/natureco.eu\/?s={search_term_string}\"},\"query-input\":{\"@type\":\"PropertyValueSpecification\",\"valueRequired\":true,\"valueName\":\"search_term_string\"}}],\"inLanguage\":\"en-US\"}]}<\/script>\n<!-- \/ Yoast SEO plugin. -->","yoast_head_json":{"title":"Exfoliating soap Antibacterial with Himalayan pink salt - NaturEco","robots":{"index":"index","follow":"follow","max-snippet":"max-snippet:-1","max-image-preview":"max-image-preview:large","max-video-preview":"max-video-preview:-1"},"canonical":"https:\/\/natureco.eu\/en\/product\/exfoliating-soap-antibacterial-with-himalayan-pink-salt-2\/","og_locale":"en_US","og_type":"article","og_title":"Exfoliating soap Antibacterial with Himalayan pink salt - NaturEco","og_description":"Himaalaja soola seebi kasulikud omadused: naha- ja kehahooldus antibakteriaalsed ja seenevastased omadused efektiivne akne vastu naha s\u00fcgavpuhastus reguleerib naha pH taset ja s\u00e4ilitab loomuliku niisutuse Kuidas kasutada Himaalaja soolaseepi? Seda toodet saab kasutada kahel viisil: 1. M\u00e4rg seep kantakse t\u00e4iesti kuivale nahale 2. Kuiv seep kantakse m\u00e4rjale nahale Seej\u00e4rel oodake, kuni nahk kuivab, p\u00e4rast seda [&hellip;]","og_url":"https:\/\/natureco.eu\/en\/product\/exfoliating-soap-antibacterial-with-himalayan-pink-salt-2\/","og_site_name":"NaturEco","og_image":[{"width":1024,"height":684,"url":"https:\/\/natureco.eu\/wp-content\/uploads\/2022\/02\/2436fdfc4cbf7c39e2f2ce8275c73b42.jpg","type":"image\/jpeg"}],"twitter_card":"summary_large_image","schema":{"@context":"https:\/\/schema.org","@graph":[{"@type":"WebPage","@id":"https:\/\/natureco.eu\/en\/product\/exfoliating-soap-antibacterial-with-himalayan-pink-salt-2\/","url":"https:\/\/natureco.eu\/en\/product\/exfoliating-soap-antibacterial-with-himalayan-pink-salt-2\/","name":"Exfoliating soap Antibacterial with Himalayan pink salt - NaturEco","isPartOf":{"@id":"https:\/\/natureco.eu\/#website"},"primaryImageOfPage":{"@id":"https:\/\/natureco.eu\/en\/product\/exfoliating-soap-antibacterial-with-himalayan-pink-salt-2\/#primaryimage"},"image":{"@id":"https:\/\/natureco.eu\/en\/product\/exfoliating-soap-antibacterial-with-himalayan-pink-salt-2\/#primaryimage"},"thumbnailUrl":"https:\/\/natureco.eu\/wp-content\/uploads\/2022\/02\/2436fdfc4cbf7c39e2f2ce8275c73b42.jpg","datePublished":"2022-03-31T12:57:45+00:00","breadcrumb":{"@id":"https:\/\/natureco.eu\/en\/product\/exfoliating-soap-antibacterial-with-himalayan-pink-salt-2\/#breadcrumb"},"inLanguage":"en-US","potentialAction":[{"@type":"ReadAction","target":["https:\/\/natureco.eu\/en\/product\/exfoliating-soap-antibacterial-with-himalayan-pink-salt-2\/"]}]},{"@type":"ImageObject","inLanguage":"en-US","@id":"https:\/\/natureco.eu\/en\/product\/exfoliating-soap-antibacterial-with-himalayan-pink-salt-2\/#primaryimage","url":"https:\/\/natureco.eu\/wp-content\/uploads\/2022\/02\/2436fdfc4cbf7c39e2f2ce8275c73b42.jpg","contentUrl":"https:\/\/natureco.eu\/wp-content\/uploads\/2022\/02\/2436fdfc4cbf7c39e2f2ce8275c73b42.jpg","width":1024,"height":684},{"@type":"BreadcrumbList","@id":"https:\/\/natureco.eu\/en\/product\/exfoliating-soap-antibacterial-with-himalayan-pink-salt-2\/#breadcrumb","itemListElement":[{"@type":"ListItem","position":1,"name":"Home","item":"https:\/\/natureco.eu\/en\/"},{"@type":"ListItem","position":2,"name":"E-Shop","item":"https:\/\/natureco.eu\/en\/shop\/"},{"@type":"ListItem","position":3,"name":"Exfoliating soap Antibacterial with Himalayan pink salt"}]},{"@type":"WebSite","@id":"https:\/\/natureco.eu\/#website","url":"https:\/\/natureco.eu\/","name":"NaturEco","description":"NaturEco cosmetics","potentialAction":[{"@type":"SearchAction","target":{"@type":"EntryPoint","urlTemplate":"https:\/\/natureco.eu\/?s={search_term_string}"},"query-input":{"@type":"PropertyValueSpecification","valueRequired":true,"valueName":"search_term_string"}}],"inLanguage":"en-US"}]}},"_links":{"self":[{"href":"https:\/\/natureco.eu\/en\/wp-json\/wp\/v2\/product\/18455","targetHints":{"allow":["GET"]}}],"collection":[{"href":"https:\/\/natureco.eu\/en\/wp-json\/wp\/v2\/product"}],"about":[{"href":"https:\/\/natureco.eu\/en\/wp-json\/wp\/v2\/types\/product"}],"replies":[{"embeddable":true,"href":"https:\/\/natureco.eu\/en\/wp-json\/wp\/v2\/comments?post=18455"}],"wp:featuredmedia":[{"embeddable":true,"href":"https:\/\/natureco.eu\/en\/wp-json\/wp\/v2\/media\/18045"}],"wp:attachment":[{"href":"https:\/\/natureco.eu\/en\/wp-json\/wp\/v2\/media?parent=18455"}],"wp:term":[{"taxonomy":"product_cat","embeddable":true,"href":"https:\/\/natureco.eu\/en\/wp-json\/wp\/v2\/product_cat?post=18455"},{"taxonomy":"product_tag","embeddable":true,"href":"https:\/\/natureco.eu\/en\/wp-json\/wp\/v2\/product_tag?post=18455"}],"curies":[{"name":"wp","href":"https:\/\/api.w.org\/{rel}","templated":true}]}}